{"id":2384,"date":"2023-07-28T01:30:10","date_gmt":"2023-07-28T01:30:10","guid":{"rendered":"https:\/\/humanamagna.com.br\/iep\/?page_id=2384"},"modified":"2023-09-21T19:38:35","modified_gmt":"2023-09-21T19:38:35","slug":"cursos-on-line","status":"publish","type":"page","link":"https:\/\/humanamagna.com.br\/iep\/cursos-on-line\/","title":{"rendered":"Cursos On-line"},"content":{"rendered":"\t\t<div data-elementor-type=\"wp-page\" data-elementor-id=\"2384\" class=\"elementor elementor-2384\">\n\t\t\t\t\t\t<section class=\"elementor-section elementor-top-section elementor-element elementor-element-7d2134a elementor-section-stretched elementor-section-boxed elementor-section-height-default elementor-section-height-default\" data-id=\"7d2134a\" data-element_type=\"section\" data-e-type=\"section\" data-settings=\"{&quot;stretch_section&quot;:&quot;section-stretched&quot;,&quot;background_background&quot;:&quot;classic&quot;}\">\n\t\t\t\t\t\t<div class=\"elementor-container elementor-column-gap-no\">\n\t\t\t\t\t<div class=\"elementor-column elementor-col-100 elementor-top-column elementor-element elementor-element-6fb7808\" data-id=\"6fb7808\" data-element_type=\"column\" data-e-type=\"column\" data-settings=\"{&quot;background_background&quot;:&quot;classic&quot;}\">\n\t\t\t<div class=\"elementor-widget-wrap elementor-element-populated\">\n\t\t\t\t\t\t<div class=\"elementor-element elementor-element-cdb8584 elementor--h-position-left elementor--v-position-middle elementor-arrows-position-inside elementor-pagination-position-inside elementor-widget elementor-widget-slides\" data-id=\"cdb8584\" data-element_type=\"widget\" data-e-type=\"widget\" data-settings=\"{&quot;transition&quot;:&quot;fade&quot;,&quot;navigation&quot;:&quot;both&quot;,&quot;autoplay&quot;:&quot;yes&quot;,&quot;pause_on_hover&quot;:&quot;yes&quot;,&quot;pause_on_interaction&quot;:&quot;yes&quot;,&quot;autoplay_speed&quot;:5000,&quot;infinite&quot;:&quot;yes&quot;,&quot;transition_speed&quot;:500}\" data-widget_type=\"slides.default\">\n\t\t\t\t<div class=\"elementor-widget-container\">\n\t\t\t\t\t\t\t<div class=\"elementor-swiper\">\n\t\t\t<div class=\"elementor-slides-wrapper elementor-main-swiper swiper-container\" dir=\"ltr\" data-animation=\"fadeInDown\">\n\t\t\t\t<div class=\"swiper-wrapper elementor-slides\">\n\t\t\t\t\t\t\t\t\t\t<div class=\"elementor-repeater-item-ea20535 swiper-slide\"><div class=\"swiper-slide-bg\"><\/div><div class=\"elementor-background-overlay\"><\/div><a class=\"swiper-slide-inner\" href=\"https:\/\/humanamagna.com.br\/iep\/curso\/integracao-humana-magna\/\"><div class=\"swiper-slide-contents\"><div class=\"elementor-slide-heading\">Curso de Integra\u00e7\u00e3o Humana Magna<\/div><div class=\"elementor-slide-description\">O objetivo do curso \u00e9 oferecer conhecimento e desenvolvimento profissional atrav\u00e9s de treinamentos, cursos-online, oficinas, eventos e muito mais.<\/div><div  class=\"elementor-button elementor-slide-button elementor-size-md\">Ir para o Curso &nbsp; <i aria-hidden=\"true\" class=\"fas fa-chevron-right\"><\/i><\/div><\/div><\/a><\/div>\t\t\t\t<\/div>\n\t\t\t\t\t\t\t<\/div>\n\t\t<\/div>\n\t\t\t\t\t\t<\/div>\n\t\t\t\t<\/div>\n\t\t\t\t\t<\/div>\n\t\t<\/div>\n\t\t\t\t\t<\/div>\n\t\t<\/section>\n\t\t\t\t<section class=\"elementor-section elementor-top-section elementor-element elementor-element-51ccdc9 elementor-section-boxed elementor-section-height-default elementor-section-height-default\" data-id=\"51ccdc9\" data-element_type=\"section\" data-e-type=\"section\">\n\t\t\t\t\t\t<div class=\"elementor-container elementor-column-gap-default\">\n\t\t\t\t\t<div class=\"elementor-column elementor-col-100 elementor-top-column elementor-element elementor-element-076718f\" data-id=\"076718f\" data-element_type=\"column\" data-e-type=\"column\">\n\t\t\t<div class=\"elementor-widget-wrap elementor-element-populated\">\n\t\t\t\t\t\t<div class=\"elementor-element elementor-element-0970a64 elementor-widget elementor-widget-heading\" data-id=\"0970a64\" data-element_type=\"widget\" data-e-type=\"widget\" data-widget_type=\"heading.default\">\n\t\t\t\t<div class=\"elementor-widget-container\">\n\t\t\t\t\t<h2 class=\"elementor-heading-title elementor-size-default\">Lista de Cursos On-line<\/h2>\t\t\t\t<\/div>\n\t\t\t\t<\/div>\n\t\t\t\t<div class=\"elementor-element elementor-element-db8f5cd elementor-widget elementor-widget-shortcode\" data-id=\"db8f5cd\" data-element_type=\"widget\" data-e-type=\"widget\" data-widget_type=\"shortcode.default\">\n\t\t\t\t<div class=\"elementor-widget-container\">\n\t\t\t\t\t\t\t<div class=\"elementor-shortcode\"><div id=\"ld-course-list-content-04d1b881cfce1fd387c532d74cf856df\" class=\"ld-course-list-content\" data-shortcode-atts=\"{&quot;order&quot;:&quot;DESC&quot;}\">\n\t\t\t<div class=\"ld-course-list-items row\">\n\t<!-- LearnDash Course Grid v1 --><div class=\"ld_course_grid col-sm-8 col-md-4 \">\n\t<article id=\"post-2254\" class=\" thumbnail course post-2254 sfwd-courses type-sfwd-courses status-publish has-post-thumbnail hentry ld_course_category-transicao\">\n\t\t\t\t\t\t\t\t<div class=\"ribbon\">\n\t\t\t\t\t\t\t\t<span class=\"ld-icon-checkmark ld-icon\"><\/span>\n\t\t\t<\/div>\n\t\t\t\n\t\t\t\n\t\t\t\t\t\t<a href=\"https:\/\/humanamagna.com.br\/iep\/curso\/integracao-humana-magna\/\" rel=\"bookmark\">\n\t\t\t\t<img fetchpriority=\"high\" decoding=\"async\" width=\"300\" height=\"225\" src=\"https:\/\/humanamagna.com.br\/iep\/wp-content\/uploads\/2023\/07\/capa_curso_integracao_hm-300x225.jpg\" class=\"attachment-medium size-medium wp-post-image\" alt=\"\" srcset=\"https:\/\/humanamagna.com.br\/iep\/wp-content\/uploads\/2023\/07\/capa_curso_integracao_hm-300x225.jpg 300w, https:\/\/humanamagna.com.br\/iep\/wp-content\/uploads\/2023\/07\/capa_curso_integracao_hm.jpg 400w\" sizes=\"(max-width: 300px) 100vw, 300px\" \/>\t\t\t<\/a>\n\t\t\t\t\t\n\t\t\t\t\t<div class=\"caption\">\n\t\t\t\t<h3 class=\"entry-title\">\n\t\t\t\t\t<a href=\"https:\/\/humanamagna.com.br\/iep\/curso\/integracao-humana-magna\/\" title=\"Integra\u00e7\u00e3o Humana Magna\">Integra\u00e7\u00e3o Humana Magna<\/a>\n\t\t\t\t<\/h3>\n\t\t\t\t\t\t\t\t<div class=\"entry-content\"><p>O objetivo do curso \u00e9 oferecer conhecimento e desenvolvimento profissional atrav\u00e9s de treinamentos, cursos-online, oficinas, eventos, publica\u00e7\u00f5es cient\u00edficas e relatos de experi\u00eancias, visando melhoria cont\u00ednua da qualidade assistencial, fortalecimento de modelos de gest\u00e3o na modalidade ou segmento de transi\u00e7\u00e3o de cuidados.<\/p>\n<\/div>\n\t\t\t\t\t\t\t\t<div class=\"ld_course_grid_button\"><a class=\"btn btn-primary\" role=\"button\" href=\"https:\/\/humanamagna.com.br\/iep\/curso\/integracao-humana-magna\/\" rel=\"bookmark\">Ir para o Curso<\/a><\/div>\n\t\t\t\t\t\t\t<\/div><!-- .entry-header -->\n\t\t\t<\/article><!-- #post-## -->\n<\/div><!-- .ld_course_grid -->\n\t<\/div>\n\t\t\t<\/div>\n\t\t<\/div>\n\t\t\t\t\t\t<\/div>\n\t\t\t\t<\/div>\n\t\t\t\t\t<\/div>\n\t\t<\/div>\n\t\t\t\t\t<\/div>\n\t\t<\/section>\n\t\t\t\t<\/div>\n\t\t","protected":false},"excerpt":{"rendered":"<p>Curso de Integra\u00e7\u00e3o Humana MagnaO objetivo do curso \u00e9 oferecer conhecimento e desenvolvimento profissional atrav\u00e9s de treinamentos, cursos-online, oficinas, eventos e muito mais.Ir para o&hellip;<\/p>\n","protected":false},"author":1,"featured_media":0,"parent":0,"menu_order":0,"comment_status":"closed","ping_status":"closed","template":"","meta":{"footnotes":""},"class_list":["post-2384","page","type-page","status-publish","hentry"],"_links":{"self":[{"href":"https:\/\/humanamagna.com.br\/iep\/wp-json\/wp\/v2\/pages\/2384","targetHints":{"allow":["GET"]}}],"collection":[{"href":"https:\/\/humanamagna.com.br\/iep\/wp-json\/wp\/v2\/pages"}],"about":[{"href":"https:\/\/humanamagna.com.br\/iep\/wp-json\/wp\/v2\/types\/page"}],"author":[{"embeddable":true,"href":"https:\/\/humanamagna.com.br\/iep\/wp-json\/wp\/v2\/users\/1"}],"replies":[{"embeddable":true,"href":"https:\/\/humanamagna.com.br\/iep\/wp-json\/wp\/v2\/comments?post=2384"}],"version-history":[{"count":92,"href":"https:\/\/humanamagna.com.br\/iep\/wp-json\/wp\/v2\/pages\/2384\/revisions"}],"predecessor-version":[{"id":3708,"href":"https:\/\/humanamagna.com.br\/iep\/wp-json\/wp\/v2\/pages\/2384\/revisions\/3708"}],"wp:attachment":[{"href":"https:\/\/humanamagna.com.br\/iep\/wp-json\/wp\/v2\/media?parent=2384"}],"curies":[{"name":"wp","href":"https:\/\/api.w.org\/{rel}","templated":true}]}}