{"id":1499,"date":"2023-04-23T17:37:30","date_gmt":"2023-04-23T17:37:30","guid":{"rendered":"https:\/\/humanamagna.com.br\/iep\/index.php\/register\/"},"modified":"2023-09-20T02:35:38","modified_gmt":"2023-09-20T02:35:38","slug":"register","status":"publish","type":"page","link":"https:\/\/humanamagna.com.br\/iep\/register\/","title":{"rendered":"Novo Cadastro"},"content":{"rendered":"\n<div class=\"um um-register um-2056\">\n\t<div class=\"um-form\" data-mode=\"register\">\n\t\t<form method=\"post\" action=\"\">\n\t\t\t<div class=\"um-row _um_row_1 \" style=\"margin: 0 0 30px 0;\"><div class=\"um-col-1\"><div  id=\"um_field_2056_user_login\" class=\"um-field um-field-text  um-field-user_login um-field-text um-field-type_text\" data-key=\"user_login\"><div class=\"um-field-label\"><label for=\"user_login-2056\">Nome e Sobrenome<\/label><div class=\"um-clear\"><\/div><\/div><div class=\"um-field-area\"><input  autocomplete=\"off\" class=\"um-form-field valid \" type=\"text\" name=\"user_login-2056\" id=\"user_login-2056\" value=\"\" placeholder=\"\" data-validate=\"\" data-key=\"user_login\"  aria-invalid=\"false\" \/>\n\n\t\t\t\t\t\t<\/div><\/div><div  id=\"um_field_2056_area\" class=\"um-field um-field-text  um-field-area um-field-text um-field-type_text\" data-key=\"area\"><div class=\"um-field-label\"><label for=\"area-2056\">\u00c1rea de A\u00e7\u00e3o (da Humana Magna)<\/label><div class=\"um-clear\"><\/div><\/div><div class=\"um-field-area\"><input  autocomplete=\"off\" class=\"um-form-field valid \" type=\"text\" name=\"area-2056\" id=\"area-2056\" value=\"\" placeholder=\"\" data-validate=\"\" data-key=\"area\"  aria-invalid=\"false\" \/>\n\n\t\t\t\t\t\t<\/div><\/div><div  id=\"um_field_2056_user_email\" class=\"um-field um-field-text  um-field-user_email um-field-text um-field-type_text\" data-key=\"user_email\"><div class=\"um-field-label\"><label for=\"user_email-2056\">E-mail<\/label><div class=\"um-clear\"><\/div><\/div><div class=\"um-field-area\"><input  autocomplete=\"off\" class=\"um-form-field valid \" type=\"text\" name=\"user_email-2056\" id=\"user_email-2056\" value=\"\" placeholder=\"\" data-validate=\"unique_email\" data-key=\"user_email\"  aria-invalid=\"false\" \/>\n\n\t\t\t\t\t\t<\/div><\/div><div  id=\"um_field_2056_user_password\" class=\"um-field um-field-password  um-field-user_password um-field-password um-field-type_password\" data-key=\"user_password\"><div class=\"um-field-label\"><label for=\"user_password-2056\">Digite uma Senha<\/label><div class=\"um-clear\"><\/div><\/div><div class=\"um-field-area\"><input class=\"um-form-field valid \" type=\"password\" name=\"user_password-2056\" id=\"user_password-2056\" value=\"\" placeholder=\"\" data-validate=\"\" data-key=\"user_password\"  aria-invalid=\"false\" \/>\n\n\t\t\t\t\t\t\t<\/div><\/div><div  id=\"um_field_2056_confirm_user_password\" class=\"um-field um-field-password  um-field-user_password um-field-password um-field-type_password\" data-key=\"confirm_user_password\"><div class=\"um-field-label\"><label for=\"confirm_user_password-2056\">Confirme sua senha<\/label><div class=\"um-clear\"><\/div><\/div><div class=\"um-field-area\"><input class=\"um-form-field valid \" type=\"password\" name=\"confirm_user_password-2056\" id=\"confirm_user_password-2056\" value=\"\" placeholder=\"Confirme sua senha\" data-validate=\"\" data-key=\"confirm_user_password\"  aria-invalid=\"false\" \/><\/div><\/div><\/div><\/div>\t<input type=\"hidden\" name=\"form_id\" id=\"form_id_2056\" value=\"2056\" \/>\n\t\t<p class=\"um_request_name\">\n\t\t<label for=\"um_request_2056\">Only fill in if you are not human<\/label>\n\t\t<input type=\"hidden\" name=\"um_request\" id=\"um_request_2056\" class=\"input\" value=\"\" size=\"25\" autocomplete=\"off\" \/>\n\t<\/p>\n\t<input type=\"hidden\" id=\"_wpnonce\" name=\"_wpnonce\" value=\"7f372fb4f0\" \/><input type=\"hidden\" name=\"_wp_http_referer\" value=\"\/iep\/wp-json\/wp\/v2\/pages\/1499\" \/>\n\t<div class=\"um-col-alt\">\n\n\t\t\n\t\t\t<div class=\"um-center\">\n\t\t\t\t<input type=\"submit\" value=\"Cadastrar\" class=\"um-button\" id=\"um-submit-btn\" \/>\n\t\t\t<\/div>\n\n\t\t\n\t\t<div class=\"um-clear\"><\/div>\n\n\t<\/div>\n\n\t\t\t<\/form>\n\t<\/div>\n<\/div>\n<style>\n\t\t\t.um-2056.um {\n\t\t\tmax-width: 450px;\n\t\t}\n\t\t<\/style>\n\n","protected":false},"excerpt":{"rendered":"","protected":false},"author":1,"featured_media":0,"parent":0,"menu_order":0,"comment_status":"closed","ping_status":"closed","template":"","meta":{"footnotes":""},"class_list":["post-1499","page","type-page","status-publish","hentry"],"_links":{"self":[{"href":"https:\/\/humanamagna.com.br\/iep\/wp-json\/wp\/v2\/pages\/1499","targetHints":{"allow":["GET"]}}],"collection":[{"href":"https:\/\/humanamagna.com.br\/iep\/wp-json\/wp\/v2\/pages"}],"about":[{"href":"https:\/\/humanamagna.com.br\/iep\/wp-json\/wp\/v2\/types\/page"}],"author":[{"embeddable":true,"href":"https:\/\/humanamagna.com.br\/iep\/wp-json\/wp\/v2\/users\/1"}],"replies":[{"embeddable":true,"href":"https:\/\/humanamagna.com.br\/iep\/wp-json\/wp\/v2\/comments?post=1499"}],"version-history":[{"count":9,"href":"https:\/\/humanamagna.com.br\/iep\/wp-json\/wp\/v2\/pages\/1499\/revisions"}],"predecessor-version":[{"id":3568,"href":"https:\/\/humanamagna.com.br\/iep\/wp-json\/wp\/v2\/pages\/1499\/revisions\/3568"}],"wp:attachment":[{"href":"https:\/\/humanamagna.com.br\/iep\/wp-json\/wp\/v2\/media?parent=1499"}],"curies":[{"name":"wp","href":"https:\/\/api.w.org\/{rel}","templated":true}]}}